{"id":3591,"date":"2025-06-29T15:58:34","date_gmt":"2025-06-29T13:58:34","guid":{"rendered":"https:\/\/www.smartautomation.pl\/?page_id=3591"},"modified":"2026-02-12T12:59:38","modified_gmt":"2026-02-12T11:59:38","slug":"eu-zuschuesse","status":"publish","type":"page","link":"https:\/\/www.smartautomation.pl\/de\/eu-zuschuesse\/","title":{"rendered":"EU-Zusch\u00fcsse"},"content":{"rendered":"<p><img decoding=\"async\" class=\"alignnone wp-image-1857 size-full\" src=\"https:\/\/www.smartautomation.pl\/wp-content\/uploads\/2022\/09\/UE.jpg\" alt=\"Internacjonalizacja dzia\u0142alno\u015bci przedsi\u0119biorstwa Smart Automation\" width=\"1364\" height=\"136\" srcset=\"https:\/\/www.smartautomation.pl\/wp-content\/uploads\/2022\/09\/UE.jpg 1364w, https:\/\/www.smartautomation.pl\/wp-content\/uploads\/2022\/09\/UE-300x30.jpg 300w, https:\/\/www.smartautomation.pl\/wp-content\/uploads\/2022\/09\/UE-1024x102.jpg 1024w, https:\/\/www.smartautomation.pl\/wp-content\/uploads\/2022\/09\/UE-768x77.jpg 768w\" sizes=\"(max-width: 1364px) 100vw, 1364px\" \/><\/p>\n<p>Wir freuen uns, Ihnen mitteilen zu k\u00f6nnen, dass unser Unternehmen Projekte umsetzt, die durch Zusch\u00fcsse der Europ\u00e4ischen Union kofinanziert werden:<\/p>\n","protected":false},"excerpt":{"rendered":"<p>Wir freuen uns, Ihnen mitteilen zu k\u00f6nnen, dass unser Unternehmen Projekte umsetzt, die durch Zusch\u00fcsse der Europ\u00e4ischen Union kofinanziert werden:<\/p>\n","protected":false},"author":12,"featured_media":0,"parent":0,"menu_order":19,"comment_status":"closed","ping_status":"closed","template":"","meta":{"_acf_changed":false,"inline_featured_image":false,"footnotes":""},"class_list":["post-3591","page","type-page","status-publish","hentry"],"acf":[],"_links":{"self":[{"href":"https:\/\/www.smartautomation.pl\/de\/wp-json\/wp\/v2\/pages\/3591","targetHints":{"allow":["GET"]}}],"collection":[{"href":"https:\/\/www.smartautomation.pl\/de\/wp-json\/wp\/v2\/pages"}],"about":[{"href":"https:\/\/www.smartautomation.pl\/de\/wp-json\/wp\/v2\/types\/page"}],"author":[{"embeddable":true,"href":"https:\/\/www.smartautomation.pl\/de\/wp-json\/wp\/v2\/users\/12"}],"replies":[{"embeddable":true,"href":"https:\/\/www.smartautomation.pl\/de\/wp-json\/wp\/v2\/comments?post=3591"}],"version-history":[{"count":0,"href":"https:\/\/www.smartautomation.pl\/de\/wp-json\/wp\/v2\/pages\/3591\/revisions"}],"wp:attachment":[{"href":"https:\/\/www.smartautomation.pl\/de\/wp-json\/wp\/v2\/media?parent=3591"}],"curies":[{"name":"wp","href":"https:\/\/api.w.org\/{rel}","templated":true}]}}