{"id":3750,"date":"2025-07-31T09:21:21","date_gmt":"2025-07-31T07:21:21","guid":{"rendered":"https:\/\/www.smartautomation.pl\/?page_id=3750"},"modified":"2025-07-31T09:23:07","modified_gmt":"2025-07-31T07:23:07","slug":"impressum","status":"publish","type":"page","link":"https:\/\/www.smartautomation.pl\/de\/impressum\/","title":{"rendered":"Impressum"},"content":{"rendered":"\n<p>Die nachstehenden Informationen enthalten die gesetzlich vorgesehenen Pflichtangaben zur Anbieterkennzeichnung.<\/p>\n\n\n\n<p>Bitte beachten Sie unsere zum\u00a0<a href=\"https:\/\/www.smartautomation.pl\/de\/privatsphaere\/\">Datenschutz<\/a>.<\/p>\n\n\n\n<p><strong>Kontaktdetails<\/strong><\/p>\n\n\n\n<div class=\"wp-block-group\"><div class=\"wp-block-group__inner-container is-layout-constrained wp-block-group-is-layout-constrained\">\n<p><strong>Smart Automation Sp\u00f3\u0142ka z ograniczon\u0105 odpowiedzialno\u015bci\u0105 (GmbH nach polnischem Recht)<\/strong><br>ul. W\u0142adys\u0142awa Tryli\u0144skiego 5<br>10-683 Olsztyn, Woiwodschaft Ermland-Masuren<br>Polen<\/p>\n\n\n\n<p><strong>Handelsregister (KRS):<\/strong> 0000336310<br><strong>USt-IdNr. (NIP):<\/strong> PL7393755838<br><strong>REGON:<\/strong> 280425165<br><strong>Stammkapital:<\/strong> 58.100 PLN<\/p>\n<\/div><\/div>\n\n\n\n<p><strong>Registergericht:<\/strong> Amtsgericht Olsztyn, VIII Wirtschaftsabteilung des Landesgerichtsregisters<br><strong>Eintragungsdatum:<\/strong> 03.09.2009<\/p>\n\n\n\n<p><strong>Vertretungsberechtigter Gesch\u00e4ftsf\u00fchrer:<\/strong><br>Tomasz Sarnowski \u2013 Pr\u00e4sident der Gesch\u00e4ftsf\u00fchrung (Alleinvertretungsberechtigt)<\/p>\n\n\n\n<p><strong>Gegenstand des Unternehmens:<\/strong><br>Installation von Industrieanlagen, Maschinen und technischen Einrichtungen (PKD 33.20.Z)<\/p>\n\n\n\n<p><strong>Kontakt:<\/strong><br>Email: <a>biuro@smartautomation.pl<\/a><br>Telefon: +48 723 040 377<\/p>\n\n\n\n<p><strong>Website:<\/strong> <a>www.smartautomation.pl<\/a><\/p>\n","protected":false},"excerpt":{"rendered":"<p>Die nachstehenden Informationen enthalten die gesetzlich vorgesehenen Pflichtangaben zur Anbieterkennzeichnung. Bitte beachten Sie unsere zum\u00a0Datenschutz. Kontaktdetails Smart Automation Sp\u00f3\u0142ka z ograniczon\u0105 odpowiedzialno\u015bci\u0105 (GmbH nach polnischem Recht)ul. W\u0142adys\u0142awa Tryli\u0144skiego 510-683 Olsztyn, Woiwodschaft Ermland-MasurenPolen Handelsregister (KRS): 0000336310USt-IdNr. (NIP): PL7393755838REGON: 280425165Stammkapital: 58.100 PLN Registergericht: Amtsgericht Olsztyn, VIII Wirtschaftsabteilung des LandesgerichtsregistersEintragungsdatum: 03.09.2009 Vertretungsberechtigter Gesch\u00e4ftsf\u00fchrer:Tomasz Sarnowski \u2013 Pr\u00e4sident der Gesch\u00e4ftsf\u00fchrung [&hellip;]<\/p>\n","protected":false},"author":12,"featured_media":0,"parent":0,"menu_order":0,"comment_status":"closed","ping_status":"closed","template":"","meta":{"_acf_changed":false,"inline_featured_image":false,"footnotes":""},"class_list":["post-3750","page","type-page","status-publish","hentry"],"acf":[],"_links":{"self":[{"href":"https:\/\/www.smartautomation.pl\/de\/wp-json\/wp\/v2\/pages\/3750","targetHints":{"allow":["GET"]}}],"collection":[{"href":"https:\/\/www.smartautomation.pl\/de\/wp-json\/wp\/v2\/pages"}],"about":[{"href":"https:\/\/www.smartautomation.pl\/de\/wp-json\/wp\/v2\/types\/page"}],"author":[{"embeddable":true,"href":"https:\/\/www.smartautomation.pl\/de\/wp-json\/wp\/v2\/users\/12"}],"replies":[{"embeddable":true,"href":"https:\/\/www.smartautomation.pl\/de\/wp-json\/wp\/v2\/comments?post=3750"}],"version-history":[{"count":0,"href":"https:\/\/www.smartautomation.pl\/de\/wp-json\/wp\/v2\/pages\/3750\/revisions"}],"wp:attachment":[{"href":"https:\/\/www.smartautomation.pl\/de\/wp-json\/wp\/v2\/media?parent=3750"}],"curies":[{"name":"wp","href":"https:\/\/api.w.org\/{rel}","templated":true}]}}